{"id":445,"date":"2018-07-10T19:11:32","date_gmt":"2018-07-10T19:11:32","guid":{"rendered":"http:\/\/ramiroelizondo.com\/mielsobrehojuelas\/?page_id=445"},"modified":"2018-08-08T17:15:54","modified_gmt":"2018-08-08T17:15:54","slug":"instalaciones","status":"publish","type":"page","link":"https:\/\/www.valank.com\/index.php\/instalaciones\/","title":{"rendered":"Instalaciones"},"content":{"rendered":"<p>[vc_row margin_top=\u00bb0&#8243; margin_bottom=\u00bb0&#8243; full_width_row=\u00bbtrue\u00bb css=\u00bb.vc_custom_1531272869850{margin-top: -70px !important;margin-right: -60px !important;margin-left: -60px !important;background-color: #7a8085 !important;}\u00bb][vc_column css=\u00bb.vc_custom_1531272970121{margin-top: -70px !important;margin-bottom: 40px !important;background-color: #7a8085 !important;background-position: center !important;background-repeat: no-repeat !important;background-size: cover !important;}\u00bb][vc_column_text css=\u00bb.vc_custom_1531272922577{margin-left: 40px !important;}\u00bb]<\/p>\n<h2><span style=\"color: #ffffff;\">Instalaciones<\/span><\/h2>\n<p>[\/vc_column_text][vc_empty_space height=\u00bb10px\u00bb css=\u00bb.vc_custom_1532359089624{background-color: #32a836 !important;}\u00bb][\/vc_column][\/vc_row][vc_row][vc_column][vc_row_inner css=\u00bb.vc_custom_1531264885687{margin-right: 5px !important;margin-left: 5px !important;}\u00bb][vc_column_inner width=\u00bb2\/3&#8243;][vc_column_text]<\/p>\n<h2><span style=\"color: #66a642;\">Valank.<\/span> <span style=\"color: #7a8085;\">V\u00e1lvulas Ankle S.A. de C.V.<\/span><\/h2>\n<p>[\/vc_column_text]<div id=\"ult-carousel-70065913669fe13a64c5c1\" class=\"ult-carousel-wrapper   ult_horizontal\" data-gutter=\"15\" data-rtl=\"false\" ><div class=\"ult-carousel-156170463669fe13a64c4f3 \" >[vc_single_image image=\u00bb769&#8243; img_size=\u00bb520&#8243; alignment=\u00bbcenter\u00bb][vc_single_image image=\u00bb766&#8243; img_size=\u00bb520&#8243; alignment=\u00bbcenter\u00bb][vc_single_image image=\u00bb767&#8243; img_size=\u00bb520&#8243; alignment=\u00bbcenter\u00bb][vc_single_image image=\u00bb768&#8243; img_size=\u00bb520&#8243; alignment=\u00bbcenter\u00bb]<\/div><\/div>            <script type=\"text\/javascript\">\r\n\t\t\t\tjQuery(document).ready(function($){\r\n               \t\t$('.ult-carousel-156170463669fe13a64c4f3').slick({dots: true,autoplay: true,autoplaySpeed: 5000,speed: 300,infinite: true,arrows: true,nextArrow: '<button type=\"button\" style=\"color:#333333; font-size:20px;\" class=\"slick-next default\"><i class=\"ultsl-arrow-right4\"><\/i><\/button>',prevArrow: '<button type=\"button\" style=\"color:#333333; font-size:20px;\" class=\"slick-prev default\"><i class=\"ultsl-arrow-left4\"><\/i><\/button>',slidesToScroll:1,slidesToShow:1,swipe: true,draggable: true,touchMove: true,responsive: [\r\n\t\t\t\t\t\t\t{\r\n\t\t\t\t\t\t\t  breakpoint: 1025,\r\n\t\t\t\t\t\t\t  settings: {\r\n\t\t\t\t\t\t\t\tslidesToShow: 1,\r\n\t\t\t\t\t\t\t\tslidesToScroll: 1,  \r\n\t\t\t\t\t\t\t  }\r\n\t\t\t\t\t\t\t},\r\n\t\t\t\t\t\t\t{\r\n\t\t\t\t\t\t\t  breakpoint: 769,\r\n\t\t\t\t\t\t\t  settings: {\r\n\t\t\t\t\t\t\t\tslidesToShow: 1,\r\n\t\t\t\t\t\t\t\tslidesToScroll: 1\r\n\t\t\t\t\t\t\t  }\r\n\t\t\t\t\t\t\t},\r\n\t\t\t\t\t\t\t{\r\n\t\t\t\t\t\t\t  breakpoint: 481,\r\n\t\t\t\t\t\t\t  settings: {\r\n\t\t\t\t\t\t\t\tslidesToShow: 1,\r\n\t\t\t\t\t\t\t\tslidesToScroll: 1\r\n\t\t\t\t\t\t\t  }\r\n\t\t\t\t\t\t\t}\r\n\t\t\t\t\t\t],pauseOnHover: true,\r\n\t\t\t\t\t\tpauseOnDotsHover: true,customPaging: function(slider, i) {\r\n                   return '<i type=\"button\" style=\"color:#333333;\" class=\"ultsl-record\" data-role=\"none\"><\/i>';\r\n                },});\r\n\t\t\t\t});\r\n\t\t\t<\/script>\r\n            [vc_column_text]<span style=\"color: #7a8085;\">Nuestras modernas instalaciones se encuentran localizadas en la zona industrial de Altamira, a s\u00f3lo un kil\u00f3metro del cluster petroqu\u00edmico privado m\u00e1s importante de M\u00e9xico, y a 3 kil\u00f3metros del puerto industrial de Altamira, en una de las zonas con mayor potencial de crecimiento industrial del pa\u00eds.<\/span>[\/vc_column_text][\/vc_column_inner][vc_column_inner width=\u00bb1\/3&#8243;][vc_column_text css=\u00bb.vc_custom_1531264792652{margin-bottom: 2px !important;border-bottom-width: 2px !important;}\u00bb]<\/p>\n<h4><span style=\"color: #7a8085;\">Informaci\u00f3n general<\/span><\/h4>\n<p>[\/vc_column_text][vc_separator color=\u00bbcustom\u00bb accent_color=\u00bb#7a8085&#8243;][vc_column_text]<span style=\"color: #7a8085;\"><strong>Instalaciones:<\/strong> 5000 m2<\/span><br \/>\n<span style=\"color: #7a8085;\"><strong>Naves industriales<\/strong>: 500m2 y 600m2<\/span>[\/vc_column_text][vc_column_text css=\u00bb.vc_custom_1531264829540{margin-bottom: -2px !important;border-bottom-width: -2px !important;}\u00bb]<\/p>\n<h3><span style=\"color: #7a8085;\">Direcci\u00f3n<\/span><\/h3>\n<p>[\/vc_column_text][vc_separator color=\u00bbcustom\u00bb accent_color=\u00bb#7a8085&#8243;][vc_column_text]<span style=\"color: #7a8085;\">Av. de la Industria Km. 13.5 Col. Laguna de la Puerta. CP 89603. Altamira, Tam. MX<\/span>[\/vc_column_text][\/vc_column_inner][\/vc_row_inner][\/vc_column][\/vc_row]<\/p>\n","protected":false},"excerpt":{"rendered":"<p>[vc_row margin_top=\u00bb0&#8243; margin_bottom=\u00bb0&#8243; full_width_row=\u00bbtrue\u00bb css=\u00bb.vc_custom_1531272869850{margin-top: -70px !important;margin-right: -60px !important;margin-left: -60px !important;background-color: #7a8085 !important;}\u00bb][vc_column css=\u00bb.vc_custom_1531272970121{margin-top: -70px !important;margin-bottom: 40px !important;background-color: #7a8085 !important;background-position: center !important;background-repeat: no-repeat !important;background-size: cover !important;}\u00bb][vc_column_text css=\u00bb.vc_custom_1531272922577{margin-left: 40px !important;}\u00bb] Instalaciones [\/vc_column_text][vc_empty_space height=\u00bb10px\u00bb css=\u00bb.vc_custom_1532359089624{background-color: #32a836 !important;}\u00bb][\/vc_column][\/vc_row][vc_row][vc_column][vc_row_inner css=\u00bb.vc_custom_1531264885687{margin-right: 5px !important;margin-left: 5px !important;}\u00bb][vc_column_inner width=\u00bb2\/3&#8243;][vc_column_text] Valank. V\u00e1lvulas Ankle S.A. de C.V. [\/vc_column_text][vc_column_text]Nuestras modernas instalaciones se encuentran localizadas en la&hellip;<\/p>\n","protected":false},"author":1,"featured_media":0,"parent":0,"menu_order":0,"comment_status":"closed","ping_status":"closed","template":"","meta":[],"_links":{"self":[{"href":"https:\/\/www.valank.com\/index.php\/wp-json\/wp\/v2\/pages\/445"}],"collection":[{"href":"https:\/\/www.valank.com\/index.php\/wp-json\/wp\/v2\/pages"}],"about":[{"href":"https:\/\/www.valank.com\/index.php\/wp-json\/wp\/v2\/types\/page"}],"author":[{"embeddable":true,"href":"https:\/\/www.valank.com\/index.php\/wp-json\/wp\/v2\/users\/1"}],"replies":[{"embeddable":true,"href":"https:\/\/www.valank.com\/index.php\/wp-json\/wp\/v2\/comments?post=445"}],"version-history":[{"count":8,"href":"https:\/\/www.valank.com\/index.php\/wp-json\/wp\/v2\/pages\/445\/revisions"}],"predecessor-version":[{"id":770,"href":"https:\/\/www.valank.com\/index.php\/wp-json\/wp\/v2\/pages\/445\/revisions\/770"}],"wp:attachment":[{"href":"https:\/\/www.valank.com\/index.php\/wp-json\/wp\/v2\/media?parent=445"}],"curies":[{"name":"wp","href":"https:\/\/api.w.org\/{rel}","templated":true}]}}