{"id":450,"date":"2018-07-10T19:35:17","date_gmt":"2018-07-10T19:35:17","guid":{"rendered":"http:\/\/ramiroelizondo.com\/mielsobrehojuelas\/?page_id=450"},"modified":"2018-07-27T15:10:45","modified_gmt":"2018-07-27T15:10:45","slug":"productos","status":"publish","type":"page","link":"https:\/\/www.valank.com\/index.php\/productos\/","title":{"rendered":"Productos"},"content":{"rendered":"<p>[vc_row type=\u00bbvc_default\u00bb full_width=\u00bbstretch_row_content\u00bb full_width_row=\u00bbtrue\u00bb bg_type=\u00bbimage\u00bb ult_hide_row=\u00bbult_hide_row_value\u00bb ult_hide_row_mobile=\u00bbmobile\u00bb css=\u00bb.vc_custom_1532450484909{margin-top: -70px !important;margin-right: -60px !important;margin-left: -60px !important;background-image: url(http:\/\/ramiroelizondo.com\/mielsobrehojuelas\/wp-content\/uploads\/2018\/07\/PRODUCTOS.jpg?id=452) !important;background-position: center !important;background-repeat: no-repeat !important;background-size: cover !important;}\u00bb][vc_column css=\u00bb.vc_custom_1531273630485{margin-top: -70px !important;margin-bottom: 40px !important;background-image: url(http:\/\/ramiroelizondo.com\/mielsobrehojuelas\/wp-content\/uploads\/2018\/07\/PRODUCTOS-1.jpg?id=494) !important;background-position: center !important;background-repeat: no-repeat !important;background-size: cover !important;}\u00bb][vc_empty_space height=\u00bb40px\u00bb][vc_column_text css=\u00bb.vc_custom_1531273698828{margin-left: 40px !important;}\u00bb]<\/p>\n<h1><span style=\"color: #ffffff;\">Productos<\/span><\/h1>\n<p>[\/vc_column_text][vc_row_inner][vc_column_inner width=\u00bb2\/3&#8243; css=\u00bb.vc_custom_1531328396242{margin-left: 40px !important;}\u00bb][vc_column_text]<span style=\"color: #ffffff;\">Desde el a\u00f1o 2005, nuestro sistema de gesti\u00f3n de calidad se encuentra certificado bajo el est\u00e1ndar internacional de calidad ISO 9001:2015 por el American Petroleum Institute (API), asegurando as\u00ed a nuestros clientes , la obtenci\u00f3n de un producto fabricado bajo las m\u00e1s estrictas normas internacionales de calidad<\/span><\/p>\n<p><span style=\"color: #ffffff;\">V\u00e1lvulas Ankle maneja dos l\u00edneas de producci\u00f3n de marca propia:<\/span><br \/>\n<span style=\"color: #ffffff;\">\u2022 VALANK<\/span><br \/>\n<span style=\"color: #ffffff;\">\u2022 DOMINICIS<\/span>[\/vc_column_text][\/vc_column_inner][vc_column_inner width=\u00bb1\/3&#8243;][\/vc_column_inner][\/vc_row_inner][\/vc_column][\/vc_row][vc_row type=\u00bbvc_default\u00bb full_width=\u00bbstretch_row_content\u00bb full_width_row=\u00bbtrue\u00bb bg_type=\u00bbimage\u00bb ult_hide_row=\u00bbult_hide_row_value\u00bb ult_hide_row_large_screen=\u00bblarge_screen\u00bb ult_hide_row_desktop=\u00bbdesktop\u00bb ult_hide_row_tablet=\u00bbtablet\u00bb ult_hide_row_tablet_small=\u00bbxs_tablet\u00bb ult_hide_row_mobile_large=\u00bbxl_mobile\u00bb css=\u00bb.vc_custom_1532450696031{margin-top: -70px !important;margin-right: 30px !important;margin-left: 0px !important;background-image: url(http:\/\/ramiroelizondo.com\/mielsobrehojuelas\/wp-content\/uploads\/2018\/07\/PRODUCTOS.jpg?id=452) !important;background-position: center !important;background-repeat: no-repeat !important;background-size: cover !important;}\u00bb][vc_column css=\u00bb.vc_custom_1531273630485{margin-top: -70px !important;margin-bottom: 40px !important;background-image: url(http:\/\/ramiroelizondo.com\/mielsobrehojuelas\/wp-content\/uploads\/2018\/07\/PRODUCTOS-1.jpg?id=494) !important;background-position: center !important;background-repeat: no-repeat !important;background-size: cover !important;}\u00bb][vc_empty_space height=\u00bb40px\u00bb][vc_column_text css=\u00bb.vc_custom_1531273698828{margin-left: 40px !important;}\u00bb]<\/p>\n<h1><span style=\"color: #ffffff;\">Productos<\/span><\/h1>\n<p>[\/vc_column_text][vc_row_inner css=\u00bb.vc_custom_1532450788792{padding-right: 50px !important;}\u00bb][vc_column_inner width=\u00bb2\/3&#8243; css=\u00bb.vc_custom_1531328396242{margin-left: 40px !important;}\u00bb][vc_column_text]<span style=\"color: #ffffff;\">Desde el a\u00f1o 2005, nuestro sistema de gesti\u00f3n de calidad se encuentra certificado bajo el est\u00e1ndar internacional de calidad ISO 9001:2015 por el American Petroleum Institute (API), asegurando as\u00ed a nuestros clientes , la obtenci\u00f3n de un producto fabricado bajo las m\u00e1s estrictas normas internacionales de calidad<\/span><\/p>\n<p><span style=\"color: #ffffff;\">V\u00e1lvulas ankle maneja dos l\u00edneas de producci\u00f3n de marca propia:<\/span><br \/>\n<span style=\"color: #ffffff;\">\u2022 VALANK<\/span><br \/>\n<span style=\"color: #ffffff;\">\u2022 DOMINICIS<\/span>[\/vc_column_text][\/vc_column_inner][vc_column_inner width=\u00bb1\/3&#8243;][\/vc_column_inner][\/vc_row_inner][\/vc_column][\/vc_row][vc_row][vc_column width=\u00bb1\/2&#8243; css=\u00bb.vc_custom_1531343935897{margin-right: 10px !important;}\u00bb][vc_column_text]<\/p>\n<h2><span style=\"color: #66a642;\">VALANK<\/span><\/h2>\n<p>[\/vc_column_text][vc_column_text]<span style=\"color: #7a8085;\">V\u00e1lvulas Ankle, S.A. de C.V., empresa dedicada a la\u00a0manufactura de V\u00e1lvula de compuerta, globo y retenci\u00f3n\u00a0dise\u00f1ada de acuerdo a la norma API-600, con personal\u00a0y bancos certificados para la inspecci\u00f3n y prueba\u00a0Hidrost\u00e1tica API-598.<\/span><\/p>\n<p style=\"padding-left: 60px;\"><span style=\"color: #7a8085;\"><em>&#8211; V\u00e1lvula de Compuerta.<\/em><\/span><\/p>\n<p style=\"padding-left: 60px;\"><span style=\"color: #7a8085;\"><em> &#8211; V\u00e1lvula de Retenci\u00f3n.<\/em><\/span><\/p>\n<p style=\"padding-left: 60px;\"><span style=\"color: #7a8085;\"><em> &#8211; V\u00e1lvula de Globo.<\/em><\/span><\/p>\n<p>[\/vc_column_text]<div class=\" ubtn-ctn-left \"><a class=\"ubtn-link ult-adjust-bottom-margin ubtn-left ubtn-large \" href = \"http:\/\/ramiroelizondo.com\/mielsobrehojuelas\/wp-content\/uploads\/2018\/07\/VALANK.pdf\" target=' _blank' ><button type=\"button\" id=\"ubtn-9670\" class=\"ubtn ult-adjust-bottom-margin ult-responsive ubtn-large ubtn-no-hover-bg  none  ubtn-left   tooltip-69fe049657d7e\"  data-hover=\"\" data-border-color=\"\" data-bg=\"#66a642\" data-hover-bg=\"\" data-border-hover=\"\" data-shadow-hover=\"\" data-shadow-click=\"none\" data-shadow=\"\" data-shd-shadow=\"\"  data-ultimate-target='#ubtn-9670'  data-responsive-json-new='{\"font-size\":\"\",\"line-height\":\"\"}'  style=\"font-weight:normal;border:none;background: #66a642;color: #ffffff;\"><span class=\"ubtn-hover\" style=\"background-color:\"><\/span><span class=\"ubtn-data ubtn-text \" >VER CAT\u00c1LOGO<\/span><\/button><\/a><\/div>[\/vc_column][vc_column width=\u00bb1\/2&#8243; css=\u00bb.vc_custom_1531343942997{margin-left: 10px !important;}\u00bb]<div id=\"ult-carousel-71782645769fe049657eb3\" class=\"ult-carousel-wrapper   ult_horizontal\" data-gutter=\"15\" data-rtl=\"false\" ><div class=\"ult-carousel-152717628069fe049657dd9 \" >[vc_single_image image=\u00bb531&#8243; img_size=\u00bbfull\u00bb alignment=\u00bbcenter\u00bb][vc_single_image image=\u00bb613&#8243; img_size=\u00bbfull\u00bb alignment=\u00bbcenter\u00bb][vc_single_image image=\u00bb614&#8243; img_size=\u00bbfull\u00bb alignment=\u00bbcenter\u00bb]<\/div><\/div>            <script type=\"text\/javascript\">\r\n\t\t\t\tjQuery(document).ready(function($){\r\n               \t\t$('.ult-carousel-152717628069fe049657dd9').slick({dots: true,autoplay: true,autoplaySpeed: 5000,speed: 300,infinite: true,arrows: true,nextArrow: '<button type=\"button\" style=\"color:#333333; font-size:20px;\" class=\"slick-next default\"><i class=\"ultsl-arrow-right4\"><\/i><\/button>',prevArrow: '<button type=\"button\" style=\"color:#333333; font-size:20px;\" class=\"slick-prev default\"><i class=\"ultsl-arrow-left4\"><\/i><\/button>',slidesToScroll:1,slidesToShow:1,swipe: true,draggable: true,touchMove: true,responsive: [\r\n\t\t\t\t\t\t\t{\r\n\t\t\t\t\t\t\t  breakpoint: 1025,\r\n\t\t\t\t\t\t\t  settings: {\r\n\t\t\t\t\t\t\t\tslidesToShow: 1,\r\n\t\t\t\t\t\t\t\tslidesToScroll: 1,  \r\n\t\t\t\t\t\t\t  }\r\n\t\t\t\t\t\t\t},\r\n\t\t\t\t\t\t\t{\r\n\t\t\t\t\t\t\t  breakpoint: 769,\r\n\t\t\t\t\t\t\t  settings: {\r\n\t\t\t\t\t\t\t\tslidesToShow: 1,\r\n\t\t\t\t\t\t\t\tslidesToScroll: 1\r\n\t\t\t\t\t\t\t  }\r\n\t\t\t\t\t\t\t},\r\n\t\t\t\t\t\t\t{\r\n\t\t\t\t\t\t\t  breakpoint: 481,\r\n\t\t\t\t\t\t\t  settings: {\r\n\t\t\t\t\t\t\t\tslidesToShow: 1,\r\n\t\t\t\t\t\t\t\tslidesToScroll: 1\r\n\t\t\t\t\t\t\t  }\r\n\t\t\t\t\t\t\t}\r\n\t\t\t\t\t\t],pauseOnHover: true,\r\n\t\t\t\t\t\tpauseOnDotsHover: true,customPaging: function(slider, i) {\r\n                   return '<i type=\"button\" style=\"color:#333333;\" class=\"ultsl-record\" data-role=\"none\"><\/i>';\r\n                },});\r\n\t\t\t\t});\r\n\t\t\t<\/script>\r\n            [\/vc_column][vc_column css=\u00bb.vc_custom_1531344200925{margin-top: 40px !important;}\u00bb][vc_row_inner][vc_column_inner width=\u00bb1\/2&#8243; css=\u00bb.vc_custom_1531343891737{margin-right: 10px !important;}\u00bb]<div id=\"ult-carousel-157480925269fe049657f2c\" class=\"ult-carousel-wrapper   ult_horizontal\" data-gutter=\"15\" data-rtl=\"false\" ><div class=\"ult-carousel-19773123669fe049657f1d \" >[vc_single_image image=\u00bb528&#8243; img_size=\u00bbfull\u00bb alignment=\u00bbcenter\u00bb][vc_single_image image=\u00bb611&#8243; img_size=\u00bbfull\u00bb alignment=\u00bbcenter\u00bb][vc_single_image image=\u00bb651&#8243; img_size=\u00bbfull\u00bb alignment=\u00bbcenter\u00bb]<\/div><\/div>            <script type=\"text\/javascript\">\r\n\t\t\t\tjQuery(document).ready(function($){\r\n               \t\t$('.ult-carousel-19773123669fe049657f1d').slick({dots: true,autoplay: true,autoplaySpeed: 5000,speed: 300,infinite: true,arrows: true,nextArrow: '<button type=\"button\" style=\"color:#333333; font-size:20px;\" class=\"slick-next default\"><i class=\"ultsl-arrow-right4\"><\/i><\/button>',prevArrow: '<button type=\"button\" style=\"color:#333333; font-size:20px;\" class=\"slick-prev default\"><i class=\"ultsl-arrow-left4\"><\/i><\/button>',slidesToScroll:1,slidesToShow:1,swipe: true,draggable: true,touchMove: true,responsive: [\r\n\t\t\t\t\t\t\t{\r\n\t\t\t\t\t\t\t  breakpoint: 1025,\r\n\t\t\t\t\t\t\t  settings: {\r\n\t\t\t\t\t\t\t\tslidesToShow: 1,\r\n\t\t\t\t\t\t\t\tslidesToScroll: 1,  \r\n\t\t\t\t\t\t\t  }\r\n\t\t\t\t\t\t\t},\r\n\t\t\t\t\t\t\t{\r\n\t\t\t\t\t\t\t  breakpoint: 769,\r\n\t\t\t\t\t\t\t  settings: {\r\n\t\t\t\t\t\t\t\tslidesToShow: 1,\r\n\t\t\t\t\t\t\t\tslidesToScroll: 1\r\n\t\t\t\t\t\t\t  }\r\n\t\t\t\t\t\t\t},\r\n\t\t\t\t\t\t\t{\r\n\t\t\t\t\t\t\t  breakpoint: 481,\r\n\t\t\t\t\t\t\t  settings: {\r\n\t\t\t\t\t\t\t\tslidesToShow: 1,\r\n\t\t\t\t\t\t\t\tslidesToScroll: 1\r\n\t\t\t\t\t\t\t  }\r\n\t\t\t\t\t\t\t}\r\n\t\t\t\t\t\t],pauseOnHover: true,\r\n\t\t\t\t\t\tpauseOnDotsHover: true,customPaging: function(slider, i) {\r\n                   return '<i type=\"button\" style=\"color:#333333;\" class=\"ultsl-record\" data-role=\"none\"><\/i>';\r\n                },});\r\n\t\t\t\t});\r\n\t\t\t<\/script>\r\n            [\/vc_column_inner][vc_column_inner width=\u00bb1\/2&#8243; css=\u00bb.vc_custom_1531343898681{margin-left: 10px !important;}\u00bb][vc_column_text]<\/p>\n<h2 style=\"text-align: left;\"><span style=\"color: #3b76bb;\">DOMINICIS<\/span><\/h2>\n<p>[\/vc_column_text][vc_column_text]<span style=\"color: #7a8085;\">La l\u00ednea DOMINICIS est\u00e1 orientada al dise\u00f1o y manufactura\u00a0de dispositivos de seguridad\u00a0para tanques de almacenamiento de hidrocarburos y l\u00edneas\u00a0de conducci\u00f3n y desfogue de gas en donde su funci\u00f3n\u00a0principal es la de garantizar la cobertura de tres est\u00e1ndares\u00a0cr\u00edticos en la operaci\u00f3n de instalaciones de alto riesgo.<\/span><\/p>\n<p><span style=\"color: #7a8085;\">La l\u00ednea DOMINICIS comprende los siguientes dispositivos\u00a0de seguridad:<\/span><\/p>\n<p style=\"padding-left: 60px;\"><span style=\"color: #7a8085;\">&#8211; C\u00e1maras de espuma <a href=\"http:\/\/ramiroelizondo.com\/mielsobrehojuelas\/wp-content\/uploads\/2018\/07\/Camara-de-Espuma-Corregida.pdf\"><strong><span style=\"color: #3b76bc;\">VER FICHA T\u00c9CNICA<\/span><\/strong><\/a><\/span><\/p>\n<p style=\"padding-left: 60px;\"><span style=\"color: #7a8085;\">&#8211; Arrestadores de flama<a href=\"http:\/\/ramiroelizondo.com\/mielsobrehojuelas\/wp-content\/uploads\/2018\/07\/ARRESTADORES-DE-FLAMA.pdf\"><strong><span style=\"color: #3b76bc;\"> VER FICHA T\u00c9CNICA<\/span><\/strong><\/a><\/span><\/p>\n<p style=\"padding-left: 60px;\"><span style=\"color: #7a8085;\">&#8211; V\u00e1lvulas de venteo <a href=\"http:\/\/ramiroelizondo.com\/mielsobrehojuelas\/wp-content\/uploads\/2018\/07\/VALVULAS-PRESION-Y-VACIO.pdf\"><strong><span style=\"color: #3b76bc;\">VER FICHA T\u00c9CNICA<\/span><\/strong><\/a><\/span><\/p>\n<p>[\/vc_column_text][vc_single_image image=\u00bb532&#8243; img_size=\u00bbmedium\u00bb alignment=\u00bbcenter\u00bb][\/vc_column_inner][\/vc_row_inner][\/vc_column][\/vc_row]<\/p>\n","protected":false},"excerpt":{"rendered":"<p>[vc_row type=\u00bbvc_default\u00bb full_width=\u00bbstretch_row_content\u00bb full_width_row=\u00bbtrue\u00bb bg_type=\u00bbimage\u00bb ult_hide_row=\u00bbult_hide_row_value\u00bb ult_hide_row_mobile=\u00bbmobile\u00bb css=\u00bb.vc_custom_1532450484909{margin-top: -70px !important;margin-right: -60px !important;margin-left: -60px !important;background-image: url(http:\/\/ramiroelizondo.com\/mielsobrehojuelas\/wp-content\/uploads\/2018\/07\/PRODUCTOS.jpg?id=452) !important;background-position: center !important;background-repeat: no-repeat !important;background-size: cover !important;}\u00bb][vc_column css=\u00bb.vc_custom_1531273630485{margin-top: -70px !important;margin-bottom: 40px !important;background-image: url(http:\/\/ramiroelizondo.com\/mielsobrehojuelas\/wp-content\/uploads\/2018\/07\/PRODUCTOS-1.jpg?id=494) !important;background-position: center !important;background-repeat: no-repeat !important;background-size: cover !important;}\u00bb][vc_empty_space height=\u00bb40px\u00bb][vc_column_text css=\u00bb.vc_custom_1531273698828{margin-left: 40px !important;}\u00bb] Productos [\/vc_column_text][vc_row_inner][vc_column_inner width=\u00bb2\/3&#8243; css=\u00bb.vc_custom_1531328396242{margin-left: 40px !important;}\u00bb][vc_column_text]Desde el a\u00f1o 2005, nuestro sistema de gesti\u00f3n de calidad se&hellip;<\/p>\n","protected":false},"author":1,"featured_media":0,"parent":0,"menu_order":0,"comment_status":"closed","ping_status":"closed","template":"","meta":[],"_links":{"self":[{"href":"https:\/\/www.valank.com\/index.php\/wp-json\/wp\/v2\/pages\/450"}],"collection":[{"href":"https:\/\/www.valank.com\/index.php\/wp-json\/wp\/v2\/pages"}],"about":[{"href":"https:\/\/www.valank.com\/index.php\/wp-json\/wp\/v2\/types\/page"}],"author":[{"embeddable":true,"href":"https:\/\/www.valank.com\/index.php\/wp-json\/wp\/v2\/users\/1"}],"replies":[{"embeddable":true,"href":"https:\/\/www.valank.com\/index.php\/wp-json\/wp\/v2\/comments?post=450"}],"version-history":[{"count":28,"href":"https:\/\/www.valank.com\/index.php\/wp-json\/wp\/v2\/pages\/450\/revisions"}],"predecessor-version":[{"id":677,"href":"https:\/\/www.valank.com\/index.php\/wp-json\/wp\/v2\/pages\/450\/revisions\/677"}],"wp:attachment":[{"href":"https:\/\/www.valank.com\/index.php\/wp-json\/wp\/v2\/media?parent=450"}],"curies":[{"name":"wp","href":"https:\/\/api.w.org\/{rel}","templated":true}]}}