{"id":466,"date":"2018-07-11T00:06:10","date_gmt":"2018-07-11T00:06:10","guid":{"rendered":"http:\/\/ramiroelizondo.com\/mielsobrehojuelas\/?page_id=466"},"modified":"2018-07-25T18:44:37","modified_gmt":"2018-07-25T18:44:37","slug":"mantenimiento","status":"publish","type":"page","link":"https:\/\/www.valank.com\/index.php\/mantenimiento\/","title":{"rendered":"Mantenimiento"},"content":{"rendered":"<p>[vc_row full_width_row=\u00bbtrue\u00bb css=\u00bb.vc_custom_1531273307170{margin-top: -70px !important;margin-right: -60px !important;margin-left: -60px !important;background-color: #7a8085 !important;background-position: center !important;background-repeat: no-repeat !important;background-size: cover !important;}\u00bb][vc_column css=\u00bb.vc_custom_1531273373653{margin-top: -70px !important;margin-bottom: 40px !important;background-color: #7a8085 !important;background-position: center !important;background-repeat: no-repeat !important;background-size: cover !important;}\u00bb][vc_column_text css=\u00bb.vc_custom_1531273349136{margin-left: 40px !important;}\u00bb]<\/p>\n<h2><span style=\"color: #ffffff;\">Mantenimiento<\/span><\/h2>\n<p>[\/vc_column_text][vc_empty_space height=\u00bb10&#8243; css=\u00bb.vc_custom_1532359271255{background-color: #32a836 !important;}\u00bb][\/vc_column][\/vc_row][vc_row][vc_column width=\u00bb1\/2&#8243;][vc_column_text]<span style=\"color: #7a8085;\">Con una amplia experiencia del personal t\u00e9cnico, \u00e1rea de\u00a0procesos, herramienta y equipo se desarroll\u00f3 el Servicio de\u00a0Mantenimiento, Reparaci\u00f3n, prueba y calibraci\u00f3n de v\u00e1lvulas y\u00a0dispositivos.<\/span><\/p>\n<p><span style=\"color: #7a8085;\">VALANK Y DOMINICIS ofrece servicio de rehabilitaci\u00f3n a los\u00a0siguientes tipos de v\u00e1lvulas:<\/span><\/p>\n<p><span style=\"color: #7a8085;\">&#8211; Compuerta <\/span><\/p>\n<p><span style=\"color: #7a8085;\">&#8211; Globo <\/span><\/p>\n<p><span style=\"color: #7a8085;\">&#8211; Retenci\u00f3n<\/span><\/p>\n<p><span style=\"color: #7a8085;\">&#8211; Macho <\/span><\/p>\n<p><span style=\"color: #7a8085;\">&#8211; Bola<\/span><\/p>\n<p><span style=\"color: #7a8085;\">&#8211; Seguridad (PSV)<\/span><\/p>\n<p><span style=\"color: #7a8085;\">&#8211; Presi\u00f3n y vac\u00edo<\/span><\/p>\n<p><span style=\"color: #7a8085;\">&#8211; Arrestadores de flama.<\/span>[\/vc_column_text][\/vc_column][vc_column width=\u00bb1\/2&#8243;]<div id=\"ult-carousel-144598096169fe053012f32\" class=\"ult-carousel-wrapper   ult_horizontal\" data-gutter=\"15\" data-rtl=\"false\" ><div class=\"ult-carousel-108381728169fe053012e98 \" >[vc_single_image image=\u00bb496&#8243; img_size=\u00bbfull\u00bb alignment=\u00bbcenter\u00bb][vc_single_image image=\u00bb497&#8243; img_size=\u00bbfull\u00bb alignment=\u00bbcenter\u00bb][vc_single_image image=\u00bb597&#8243; img_size=\u00bbfull\u00bb alignment=\u00bbcenter\u00bb][vc_single_image image=\u00bb600&#8243; img_size=\u00bbfull\u00bb alignment=\u00bbcenter\u00bb]<\/div><\/div>            <script type=\"text\/javascript\">\r\n\t\t\t\tjQuery(document).ready(function($){\r\n               \t\t$('.ult-carousel-108381728169fe053012e98').slick({dots: true,autoplaySpeed: 5000,speed: 300,infinite: true,arrows: true,nextArrow: '<button type=\"button\" style=\"color:#333333; font-size:20px;\" class=\"slick-next default\"><i class=\"ultsl-arrow-right4\"><\/i><\/button>',prevArrow: '<button type=\"button\" style=\"color:#333333; font-size:20px;\" class=\"slick-prev default\"><i class=\"ultsl-arrow-left4\"><\/i><\/button>',slidesToScroll:1,slidesToShow:1,swipe: true,draggable: true,touchMove: true,responsive: [\r\n\t\t\t\t\t\t\t{\r\n\t\t\t\t\t\t\t  breakpoint: 1025,\r\n\t\t\t\t\t\t\t  settings: {\r\n\t\t\t\t\t\t\t\tslidesToShow: 1,\r\n\t\t\t\t\t\t\t\tslidesToScroll: 1,  \r\n\t\t\t\t\t\t\t  }\r\n\t\t\t\t\t\t\t},\r\n\t\t\t\t\t\t\t{\r\n\t\t\t\t\t\t\t  breakpoint: 769,\r\n\t\t\t\t\t\t\t  settings: {\r\n\t\t\t\t\t\t\t\tslidesToShow: 1,\r\n\t\t\t\t\t\t\t\tslidesToScroll: 1\r\n\t\t\t\t\t\t\t  }\r\n\t\t\t\t\t\t\t},\r\n\t\t\t\t\t\t\t{\r\n\t\t\t\t\t\t\t  breakpoint: 481,\r\n\t\t\t\t\t\t\t  settings: {\r\n\t\t\t\t\t\t\t\tslidesToShow: 1,\r\n\t\t\t\t\t\t\t\tslidesToScroll: 1\r\n\t\t\t\t\t\t\t  }\r\n\t\t\t\t\t\t\t}\r\n\t\t\t\t\t\t],pauseOnHover: true,\r\n\t\t\t\t\t\tpauseOnDotsHover: true,customPaging: function(slider, i) {\r\n                   return '<i type=\"button\" style=\"color:#333333;\" class=\"ultsl-record\" data-role=\"none\"><\/i>';\r\n                },});\r\n\t\t\t\t});\r\n\t\t\t<\/script>\r\n            [\/vc_column][vc_column][vc_row_inner equal_height=\u00bbyes\u00bb css=\u00bb.vc_custom_1532357986752{background-color: #32a836 !important;background-position: center !important;background-repeat: no-repeat !important;background-size: cover !important;}\u00bb][vc_column_inner width=\u00bb1\/6&#8243; css=\u00bb.vc_custom_1532357766720{background-position: center !important;background-repeat: no-repeat !important;background-size: cover !important;}\u00bb][\/vc_column_inner][vc_column_inner width=\u00bb4\/6&#8243;][vc_column_text]<\/p>\n<h2 style=\"text-align: center;\"><span style=\"color: #7a8085;\"><span style=\"color: #d7d8d9;\">Ampliamos la\u00a0<\/span><span style=\"color: #66a642;\"><span style=\"color: #ffffff;\">vida \u00fatil<\/span><\/span><span style=\"color: #ffffff;\">\u00a0<\/span><span style=\"color: #d7d8d9;\">de tus v\u00e1lvulas.<\/span><\/span><\/h2>\n<h2 style=\"text-align: center;\"><span style=\"color: #ffffff;\"><em>Ahorro hasta un 70%<\/em><\/span><\/h2>\n<p>[\/vc_column_text][\/vc_column_inner][vc_column_inner width=\u00bb1\/6&#8243;][\/vc_column_inner][\/vc_row_inner][vc_empty_space][vc_row_inner][vc_column_inner width=\u00bb1\/2&#8243; css=\u00bb.vc_custom_1532543561990{margin-top: 40px !important;margin-right: -0px !important;margin-bottom: 40px !important;margin-left: 20px !important;border-top-width: 15px !important;border-right-width: 15px !important;border-bottom-width: 15px !important;border-left-width: 15px !important;padding-top: 15px !important;padding-right: 70px !important;padding-bottom: 15px !important;padding-left: 15px !important;background-color: #7a8085 !important;}\u00bb][vc_column_text css=\u00bb.vc_custom_1532543699412{border-top-width: 10px !important;border-right-width: 10px !important;border-bottom-width: 10px !important;border-left-width: 10px !important;padding-top: 10px !important;padding-right: 10px !important;padding-bottom: 10px !important;padding-left: 10px !important;background-color: #7a8085 !important;}\u00bb]<span style=\"color: #ffffff;\">Contamos con equipos de prueba\u00a0hidrost\u00e1tica m\u00f3vil que permite la\u00a0ejecuci\u00f3n de la inspecci\u00f3n final en las\u00a0instalaciones del cliente.<\/span><\/p>\n<p><span style=\"color: #ffffff;\">Nuestra\u00a0m\u00e1quina de pruebas\u00a0autom\u00e1tica permite una ejecuci\u00f3n r\u00e1pida\u00a0y segura en comparaci\u00f3n con los\u00a0m\u00e9todos manuales y facilitando las\u00a0actividades de inspecci\u00f3n, el resultado\u00a0queda asentado en reportes respaldados\u00a0por nuestro sistema de gesti\u00f3n de<br \/>\nla\u00a0calidad<\/span>[\/vc_column_text][\/vc_column_inner][vc_column_inner width=\u00bb1\/2&#8243; css=\u00bb.vc_custom_1532543864334{margin-left: -60px !important;background-image: url(http:\/\/ramiroelizondo.com\/mielsobrehojuelas\/wp-content\/uploads\/2018\/07\/WhatsApp-Image-2018-07-24-at-14.32.36.jpeg?id=665) !important;background-position: center !important;background-repeat: no-repeat !important;background-size: cover !important;}\u00bb][vc_empty_space height=\u00bb400&#8243;][\/vc_column_inner][\/vc_row_inner][\/vc_column][\/vc_row][vc_row full_width_row=\u00bbtrue\u00bb css=\u00bb.vc_custom_1531327611293{margin-top: 0px !important;margin-right: -60px !important;margin-left: -60px !important;background-color: #3b76bb !important;background-position: center !important;background-repeat: no-repeat !important;background-size: cover !important;}\u00bb][vc_column css=\u00bb.vc_custom_1531327683940{background-color: #3b76bb !important;background-position: center !important;background-repeat: no-repeat !important;background-size: cover !important;}\u00bb][vc_column_text css=\u00bb.vc_custom_1531268319826{margin-left: 20px !important;}\u00bb]<\/p>\n<h2><span style=\"color: #ffffff;\">Tipos de mantenimiento<\/span><\/h2>\n<p>[\/vc_column_text][\/vc_column][\/vc_row][vc_row type=\u00bbvc_default\u00bb full_height=\u00bbyes\u00bb bg_type=\u00bbimage\u00bb parallax_style=\u00bbvcpb-default\u00bb bg_image_new=\u00bbid^473|url^http:\/\/ramiroelizondo.com\/mielsobrehojuelas\/wp-content\/uploads\/2018\/07\/ValankWeb-1.jpg|caption^null|alt^null|title^ValankWeb|description^null\u00bb bg_image_repeat=\u00bbno-repeat\u00bb bg_override=\u00bbfull\u00bb css=\u00bb.vc_custom_1532358614890{margin-bottom: -70px !important;background-position: center !important;background-repeat: no-repeat !important;background-size: cover !important;}\u00bb][vc_column width=\u00bb1\/2&#8243; css=\u00bb.vc_custom_1531269145803{margin-right: 30px !important;margin-left: 30px !important;border-right-width: 10px !important;border-left-width: 10px !important;padding-right: 10px !important;padding-left: 10px !important;}\u00bb][vc_column_text css=\u00bb.vc_custom_1531270694235{margin-right: 30px !important;margin-bottom: 8px !important;margin-left: 30px !important;border-top-width: 5px !important;border-right-width: 5px !important;border-bottom-width: 5px !important;border-left-width: 5px !important;padding-top: 5px !important;padding-right: 5px !important;padding-bottom: 5px !important;padding-left: 5px !important;background-color: rgba(122,128,133,0.42) !important;*background-color: rgb(122,128,133) !important;}\u00bb]<span style=\"color: #ffffff;\">\u2022MANTENIMIENTO CORRECTIVO <\/span><span style=\"color: #ffffff;\">Y PREVENTIVO A V\u00c1LVULAS.<\/span>[\/vc_column_text][vc_column_text css=\u00bb.vc_custom_1531270769518{margin-right: 30px !important;margin-bottom: 8px !important;margin-left: 30px !important;border-top-width: 5px !important;border-right-width: 5px !important;border-bottom-width: 5px !important;border-left-width: 5px !important;padding-top: 5px !important;padding-right: 5px !important;padding-bottom: 5px !important;padding-left: 5px !important;background-color: rgba(122,128,133,0.42) !important;*background-color: rgb(122,128,133) !important;}\u00bb]<span style=\"color: #ffffff;\">\u2022 MANTENIMIENTO CORRECTIVO Y\u00a0PREVENTIVO A C\u00c1MARAS DE ESPUMA.<\/span>[\/vc_column_text][vc_column_text css=\u00bb.vc_custom_1531270791096{margin-right: 30px !important;margin-bottom: 8px !important;margin-left: 30px !important;border-top-width: 5px !important;border-right-width: 5px !important;border-bottom-width: 5px !important;border-left-width: 5px !important;padding-top: 5px !important;padding-right: 5px !important;padding-bottom: 5px !important;padding-left: 5px !important;background-color: rgba(122,128,133,0.42) !important;*background-color: rgb(122,128,133) !important;}\u00bb]<span style=\"color: #ffffff;\">\u2022 MANTENIMIENTO CORRECTIVO Y\u00a0PREVENTIVO A V\u00c1LVULAS DE VENTEO\u00a0Y ARRESTADORES DE FLAMA.<\/span>[\/vc_column_text][vc_column_text css=\u00bb.vc_custom_1531270803712{margin-right: 30px !important;margin-bottom: 8px !important;margin-left: 30px !important;border-top-width: 5px !important;border-right-width: 5px !important;border-bottom-width: 5px !important;border-left-width: 5px !important;padding-top: 5px !important;padding-right: 5px !important;padding-bottom: 5px !important;padding-left: 5px !important;background-color: rgba(122,128,133,0.42) !important;*background-color: rgb(122,128,133) !important;}\u00bb]<span style=\"color: #ffffff;\">\u2022 MANTENIMIENTO\u00a0A V\u00c1LVULAS DE\u00a0SEGURIDAD TIPO PSV EN TALLER.<\/span>[\/vc_column_text][vc_column_text css=\u00bb.vc_custom_1531270172356{margin-right: 30px !important;margin-left: 30px !important;border-top-width: 5px !important;border-right-width: 5px !important;border-left-width: 5px !important;padding-top: 5px !important;padding-right: 5px !important;padding-bottom: 5px !important;padding-left: 5px !important;background-color: rgba(122,128,133,0.42) !important;*background-color: rgb(122,128,133) !important;}\u00bb]<span style=\"color: #ffffff;\">\u2022 MANTENIMIENTO\u00a0A V\u00c1LVULAS DE\u00a0SEGURIDAD TIPO PSV EN\u00a0SITIO.<\/span>[\/vc_column_text][\/vc_column][vc_column width=\u00bb1\/2&#8243;]<div id=\"ult-carousel-120174923469fe053012fb9\" class=\"ult-carousel-wrapper   ult_horizontal\" data-gutter=\"15\" data-rtl=\"false\" ><div class=\"ult-carousel-147332511869fe053012fa9 \" >[vc_single_image image=\u00bb605&#8243; img_size=\u00bbfull\u00bb alignment=\u00bbcenter\u00bb][vc_single_image image=\u00bb606&#8243; img_size=\u00bbfull\u00bb alignment=\u00bbcenter\u00bb]<\/div><\/div>            <script type=\"text\/javascript\">\r\n\t\t\t\tjQuery(document).ready(function($){\r\n               \t\t$('.ult-carousel-147332511869fe053012fa9').slick({dots: true,autoplay: true,autoplaySpeed: 5000,speed: 300,infinite: true,arrows: true,nextArrow: '<button type=\"button\" style=\"color:#333333; font-size:20px;\" class=\"slick-next default\"><i class=\"ultsl-arrow-right4\"><\/i><\/button>',prevArrow: '<button type=\"button\" style=\"color:#333333; font-size:20px;\" class=\"slick-prev default\"><i class=\"ultsl-arrow-left4\"><\/i><\/button>',slidesToScroll:1,slidesToShow:1,swipe: true,draggable: true,touchMove: true,responsive: [\r\n\t\t\t\t\t\t\t{\r\n\t\t\t\t\t\t\t  breakpoint: 1025,\r\n\t\t\t\t\t\t\t  settings: {\r\n\t\t\t\t\t\t\t\tslidesToShow: 1,\r\n\t\t\t\t\t\t\t\tslidesToScroll: 1,  \r\n\t\t\t\t\t\t\t  }\r\n\t\t\t\t\t\t\t},\r\n\t\t\t\t\t\t\t{\r\n\t\t\t\t\t\t\t  breakpoint: 769,\r\n\t\t\t\t\t\t\t  settings: {\r\n\t\t\t\t\t\t\t\tslidesToShow: 1,\r\n\t\t\t\t\t\t\t\tslidesToScroll: 1\r\n\t\t\t\t\t\t\t  }\r\n\t\t\t\t\t\t\t},\r\n\t\t\t\t\t\t\t{\r\n\t\t\t\t\t\t\t  breakpoint: 481,\r\n\t\t\t\t\t\t\t  settings: {\r\n\t\t\t\t\t\t\t\tslidesToShow: 1,\r\n\t\t\t\t\t\t\t\tslidesToScroll: 1\r\n\t\t\t\t\t\t\t  }\r\n\t\t\t\t\t\t\t}\r\n\t\t\t\t\t\t],pauseOnHover: true,\r\n\t\t\t\t\t\tpauseOnDotsHover: true,customPaging: function(slider, i) {\r\n                   return '<i type=\"button\" style=\"color:#333333;\" class=\"ultsl-record\" data-role=\"none\"><\/i>';\r\n                },});\r\n\t\t\t\t});\r\n\t\t\t<\/script>\r\n            [\/vc_column][vc_column][vc_column_text css=\u00bb.vc_custom_1531270854440{margin-right: 40px !important;margin-left: 40px !important;}\u00bb]<\/p>\n<h3 style=\"text-align: center;\"><em>Todos nuestros servicios se realizan en estricto apego a est\u00e1ndares\u00a0internacionales de calidad y cuentan con una\u00a0<strong>GARANTIA\u00a0<\/strong>por escrito,\u00a0asegurando la confiabilidad y satisfacci\u00f3n de nuestros clientes.<\/em><\/h3>\n<p>[\/vc_column_text][\/vc_column][\/vc_row]<\/p>\n","protected":false},"excerpt":{"rendered":"<p>[vc_row full_width_row=\u00bbtrue\u00bb css=\u00bb.vc_custom_1531273307170{margin-top: -70px !important;margin-right: -60px !important;margin-left: -60px !important;background-color: #7a8085 !important;background-position: center !important;background-repeat: no-repeat !important;background-size: cover !important;}\u00bb][vc_column css=\u00bb.vc_custom_1531273373653{margin-top: -70px !important;margin-bottom: 40px !important;background-color: #7a8085 !important;background-position: center !important;background-repeat: no-repeat !important;background-size: cover !important;}\u00bb][vc_column_text css=\u00bb.vc_custom_1531273349136{margin-left: 40px !important;}\u00bb] Mantenimiento [\/vc_column_text][vc_empty_space height=\u00bb10&#8243; css=\u00bb.vc_custom_1532359271255{background-color: #32a836 !important;}\u00bb][\/vc_column][\/vc_row][vc_row][vc_column width=\u00bb1\/2&#8243;][vc_column_text]Con una amplia experiencia del personal t\u00e9cnico, \u00e1rea de\u00a0procesos, herramienta y equipo se desarroll\u00f3 el Servicio&hellip;<\/p>\n","protected":false},"author":1,"featured_media":0,"parent":0,"menu_order":0,"comment_status":"closed","ping_status":"closed","template":"","meta":[],"_links":{"self":[{"href":"https:\/\/www.valank.com\/index.php\/wp-json\/wp\/v2\/pages\/466"}],"collection":[{"href":"https:\/\/www.valank.com\/index.php\/wp-json\/wp\/v2\/pages"}],"about":[{"href":"https:\/\/www.valank.com\/index.php\/wp-json\/wp\/v2\/types\/page"}],"author":[{"embeddable":true,"href":"https:\/\/www.valank.com\/index.php\/wp-json\/wp\/v2\/users\/1"}],"replies":[{"embeddable":true,"href":"https:\/\/www.valank.com\/index.php\/wp-json\/wp\/v2\/comments?post=466"}],"version-history":[{"count":26,"href":"https:\/\/www.valank.com\/index.php\/wp-json\/wp\/v2\/pages\/466\/revisions"}],"predecessor-version":[{"id":598,"href":"https:\/\/www.valank.com\/index.php\/wp-json\/wp\/v2\/pages\/466\/revisions\/598"}],"wp:attachment":[{"href":"https:\/\/www.valank.com\/index.php\/wp-json\/wp\/v2\/media?parent=466"}],"curies":[{"name":"wp","href":"https:\/\/api.w.org\/{rel}","templated":true}]}}